{"id":14,"date":"2025-08-28T18:57:42","date_gmt":"2025-08-28T18:57:42","guid":{"rendered":"https:\/\/cybergiochi.com\/?page_id=14"},"modified":"2025-08-29T17:30:02","modified_gmt":"2025-08-29T17:30:02","slug":"plataforma","status":"publish","type":"page","link":"https:\/\/cybergiochi.com\/?page_id=14","title":{"rendered":"Plataforma"},"content":{"rendered":"\t\t<div data-elementor-type=\"wp-page\" data-elementor-id=\"14\" class=\"elementor elementor-14\">\n\t\t\t\t<div class=\"elementor-element elementor-element-8f25aa5 e-flex e-con-boxed e-con e-parent\" data-id=\"8f25aa5\" data-element_type=\"container\">\n\t\t\t\t\t<div class=\"e-con-inner\">\n\t\t\t\t<div class=\"elementor-element elementor-element-5d0ea9c4 elementor-widget elementor-widget-text-editor\" data-id=\"5d0ea9c4\" data-element_type=\"widget\" data-widget_type=\"text-editor.default\">\n\t\t\t\t\t\t\t\t\t<section class=\"egs-wrap\"><style>\n    :root{<br \/>      --egs-bg:#0b0f1a;<br \/>      --egs-card:#10182c;<br \/>      --egs-accent:#17c3b2;<br \/>      --egs-text:#e6ecf1;<br \/>      --egs-sub:#9fb0c3;<br \/>      --egs-border:#1f2a44<br \/>    }<br \/>    .egs-wrap{font-family:Inter,Arial,sans-serif;color:var(--egs-text);background:var(--egs-bg);margin:0;padding:0}<br \/>    .egs-container{max-width:1200px;margin:0 auto;padding:64px 20px}<br \/>    h1{font-size:clamp(30px,4vw,44px);margin:0 0 18px;text-align:center}<br \/>    p.lead{color:var(--egs-sub);max-width:800px;margin:0 auto;text-align:center}<br \/>    .egs-grid{display:grid;grid-template-columns:repeat(2,1fr);gap:28px;margin-top:48px;align-items:center}<br \/>    .egs-block{background:var(--egs-card);border:1px solid var(--egs-border);border-radius:16px;overflow:hidden;display:grid;grid-template-columns:1fr 1fr;align-items:stretch}<br \/>    .egs-block:nth-child(even){grid-template-columns:1fr 1fr;direction:rtl}<br \/>    .egs-block img{width:100%;height:100%;object-fit:cover;display:block}<br \/>    .egs-txt{padding:24px;direction:ltr}<br \/>    .egs-txt h2{margin:0 0 12px;color:var(--egs-accent);font-size:24px}<br \/>    .egs-txt p{margin:0 0 12px;color:var(--egs-sub)}<br \/>    ul{margin:0;padding-left:18px;color:var(--egs-sub)}<br \/>    ul li{margin-bottom:6px}<br \/>    .cta{text-align:center;margin-top:42px}<br \/>    .cta a{display:inline-block;margin:6px;padding:14px 20px;background:var(--egs-accent);color:#061018;text-decoration:none;border-radius:12px;font-weight:600}<br \/>    .cta a.alt{background:transparent;border:1px solid var(--egs-border);color:var(--egs-text)}<br \/>    @media(max-width:900px){<br \/>      .egs-grid{grid-template-columns:1fr}<br \/>      .egs-block,.egs-block:nth-child(even){grid-template-columns:1fr}<br \/>    }<br \/>  <\/style><div class=\"egs-container\"><h3><span style=\"color: #000080;\"><strong>Soluci\u00f3n modular eGaming<\/strong><\/span><\/h3><p class=\"lead\">Combina juegos, deportes, CRM y backoffice de operaci\u00f3n \u00e1gil y eficiente.<\/p><p><!-- GAMES --><\/p><div class=\"egs-block\"><div class=\"egs-txt\"><h2><span style=\"color: #e81063;\">Games<\/span><\/h2><p>Ofrecemos un cat\u00e1logo de m\u00e1s de 5000 t\u00edtulos de los principales proveedores de slots, live casino, ruleta y blackjack.<\/p><ul><li>Integraci\u00f3n de proveedores l\u00edderes globales<\/li><li>Optimizaci\u00f3n de RTP y promociones en slots<\/li><li>Live Casino con crupieres reales 24\/7<\/li><\/ul><\/div><\/div><p><!-- SPORTS --><\/p><div class=\"egs-block\"><div class=\"egs-txt\"><h2><span style=\"color: #e81063;\">Sports<\/span><\/h2><p>Ofrecemos sportsbook flexible con mercados pre-match y en vivo, odds competitivas y trading gestionado.<\/p><ul><li>Eventos en tiempo real con estad\u00edsticas<\/li><li>Cuotas din\u00e1micas y promociones deportivas<\/li><li>Gesti\u00f3n de riesgo y limitaciones autom\u00e1ticas<\/li><\/ul><\/div><\/div><p><!-- AFFILIATES --><\/p><div class=\"egs-block\"><p><img decoding=\"async\" src=\"https:\/\/images.unsplash.com\/photo-1529101091764-c3526daf38fe?q=80&amp;w=1600&amp;auto=format&amp;fit=crop\" alt=\"Red de Afiliados\" \/><\/p><div class=\"egs-txt\"><h2><span style=\"color: #e81063;\">Affiliates<\/span><\/h2><p>Nuestra red de afiliados potencia tu adquisici\u00f3n de jugadores con modelos CPA, RevShare y H\u00edbridos.<\/p><ul><li>Panel de control para seguimiento de KPIs<\/li><li>Integraci\u00f3n de tracking multi-canal<\/li><li>Automatizaci\u00f3n de pagos y contratos<\/li><\/ul><\/div><\/div><p><!-- CRM --><\/p><div class=\"egs-block\"><p><img decoding=\"async\" src=\"https:\/\/images.unsplash.com\/photo-1522071820081-009f0129c71c?q=80&amp;w=1600&amp;auto=format&amp;fit=crop\" alt=\"CRM iGaming\" \/><\/p><div class=\"egs-txt\"><h2><span style=\"color: #e81063;\">CRM<\/span><\/h2><p>Optimiza la retenci\u00f3n y fidelizaci\u00f3n con campa\u00f1as personalizadas, journeys y segmentaci\u00f3n avanzada.<\/p><ul><li>Segmentaci\u00f3n RFM y comportamiento<\/li><li>Automatizaci\u00f3n de email, SMS y push<\/li><li>Promociones y bonificaciones inteligentes<\/li><\/ul><\/div><\/div><p><!-- BACKOFFICE --><\/p><div class=\"egs-block\"><p><img decoding=\"async\" src=\"https:\/\/images.unsplash.com\/photo-1519389950473-47ba0277781c?q=80&amp;w=1600&amp;auto=format&amp;fit=crop\" alt=\"Backoffice iGaming\" \/><\/p><div class=\"egs-txt\"><h2><span style=\"color: #e81063;\">Backoffice<\/span><\/h2><p>Panel administrativo centralizado para controlar operaciones, pagos, cumplimiento y reportes.<\/p><ul><li>Gesti\u00f3n de usuarios y roles<\/li><li>Reportes financieros en tiempo real<\/li><li>Herramientas de RG y AML integradas<\/li><\/ul><\/div><\/div><p><!-- CTA --><\/p><div class=\"cta\"><a href=\"\/?page_id=24\">Solicitar demo<\/a><\/div><\/div><\/section>\t\t\t\t\t\t\t\t<\/div>\n\t\t\t\t\t<\/div>\n\t\t\t\t<\/div>\n\t\t\t\t<\/div>\n\t\t","protected":false},"excerpt":{"rendered":"<p>Soluci\u00f3n modular eGaming Combina juegos, deportes, CRM y backoffice de operaci\u00f3n \u00e1gil y eficiente. Games Ofrecemos un cat\u00e1logo de m\u00e1s de 5000 t\u00edtulos de los principales proveedores de slots, live casino, ruleta y blackjack. Integraci\u00f3n de proveedores l\u00edderes globales Optimizaci\u00f3n de RTP y promociones en slots Live Casino con crupieres reales 24\/7 Sports Ofrecemos sportsbook [&hellip;]<\/p>\n","protected":false},"author":1,"featured_media":0,"parent":0,"menu_order":0,"comment_status":"closed","ping_status":"closed","template":"","meta":{"footnotes":""},"class_list":["post-14","page","type-page","status-publish","hentry"],"_links":{"self":[{"href":"https:\/\/cybergiochi.com\/index.php?rest_route=\/wp\/v2\/pages\/14","targetHints":{"allow":["GET"]}}],"collection":[{"href":"https:\/\/cybergiochi.com\/index.php?rest_route=\/wp\/v2\/pages"}],"about":[{"href":"https:\/\/cybergiochi.com\/index.php?rest_route=\/wp\/v2\/types\/page"}],"author":[{"embeddable":true,"href":"https:\/\/cybergiochi.com\/index.php?rest_route=\/wp\/v2\/users\/1"}],"replies":[{"embeddable":true,"href":"https:\/\/cybergiochi.com\/index.php?rest_route=%2Fwp%2Fv2%2Fcomments&post=14"}],"version-history":[{"count":21,"href":"https:\/\/cybergiochi.com\/index.php?rest_route=\/wp\/v2\/pages\/14\/revisions"}],"predecessor-version":[{"id":91,"href":"https:\/\/cybergiochi.com\/index.php?rest_route=\/wp\/v2\/pages\/14\/revisions\/91"}],"wp:attachment":[{"href":"https:\/\/cybergiochi.com\/index.php?rest_route=%2Fwp%2Fv2%2Fmedia&parent=14"}],"curies":[{"name":"wp","href":"https:\/\/api.w.org\/{rel}","templated":true}]}}